{"id":5130,"date":"2022-04-29T03:01:39","date_gmt":"2022-04-29T03:01:39","guid":{"rendered":"https:\/\/shthemes.net\/demosd\/thecappawp\/?page_id=92"},"modified":"2025-03-10T16:43:22","modified_gmt":"2025-03-10T16:43:22","slug":"room-3","status":"publish","type":"page","link":"https:\/\/sixon7.com\/hr\/room-3\/","title":{"rendered":"Rooms 3"},"content":{"rendered":"<div data-elementor-type=\"wp-page\" data-elementor-id=\"5130\" class=\"elementor elementor-5130\">\n\t\t\t\t\t\t<section class=\"elementor-section elementor-top-section elementor-element elementor-element-514fbf5 elementor-section-full_width elementor-section-height-default elementor-section-height-default\" data-id=\"514fbf5\" data-element_type=\"section\">\n\t\t\t\t\t\t<div class=\"elementor-container elementor-column-gap-no\">\n\t\t\t\t\t<div class=\"elementor-column elementor-col-100 elementor-top-column elementor-element elementor-element-baa69ae\" data-id=\"baa69ae\" data-element_type=\"column\">\n\t\t\t<div class=\"elementor-widget-wrap elementor-element-populated\">\n\t\t\t\t\t\t<div class=\"elementor-element elementor-element-964da30 elementor-align-left elementor-widget elementor-widget-pages-banner\" data-id=\"964da30\" data-element_type=\"widget\" data-widget_type=\"pages-banner.default\">\n\t\t\t\t<div class=\"elementor-widget-container\">\n\t\t\t\r\n\t\t\t\t<div class=\"banner-header section-padding valign bg-img bg-fixed\" data-overlay-dark=\"4\" data-background=\"https:\/\/sixon7.com\/wp-content\/uploads\/2025\/03\/sixonsevenSB-95-e1741624877758.jpg\">\r\n\t\t\t\t\t<div class=\"container\">\r\n\t\t\t\t<div class=\"row\">\r\n\t\t\t\t\t<div class=\"col-md-12 caption mt-90\">\r\n\t\t\t\t\t\t\t\t\t\t\t\t<h5>six on 7 boutique stay<\/h5>\r\n\t\t\t\t\t\t\t\t\t\t\t\t\t\t\t\t\t\t<h1>Sobe i apartmani<\/h1>\r\n\t\t\t\t\t\t\t\t\t\t\t<\/div>\r\n\t\t\t\t<\/div>\r\n\t\t\t<\/div>\r\n\t\t<\/div>\r\n\r\n\t\t\t<\/div>\n\t\t\t\t<\/div>\n\t\t\t\t\t<\/div>\n\t\t<\/div>\n\t\t\t\t\t<\/div>\n\t\t<\/section>\n\t\t\t\t<section class=\"elementor-section elementor-top-section elementor-element elementor-element-aae71e9 elementor-section-full_width elementor-section-height-default elementor-section-height-default\" data-id=\"aae71e9\" data-element_type=\"section\">\n\t\t\t\t\t\t<div class=\"elementor-container elementor-column-gap-no\">\n\t\t\t\t\t<div class=\"elementor-column elementor-col-100 elementor-top-column elementor-element elementor-element-aa19723\" data-id=\"aa19723\" data-element_type=\"column\">\n\t\t\t<div class=\"elementor-widget-wrap elementor-element-populated\">\n\t\t\t\t\t\t<div class=\"elementor-element elementor-element-d23c03a elementor-align-left elementor-widget elementor-widget-pages-room-2\" data-id=\"d23c03a\" data-element_type=\"widget\" data-widget_type=\"pages-room-2.default\">\n\t\t\t\t<div class=\"elementor-widget-container\">\n\t\t\t\n\t\t<div class=\"rooms3 section-padding\">\n\t\t\t<div class=\"container\">\n\t\t\t\t<div class=\"row\">\n\t\t\t\t\t\t\t\t\t\t\t\t<div class=\"col-md-4\">\n\t\t\t\t\t\t\t<div class=\"square-flip\">\n\t\t\t\t\t\t\t\t<div class=\"square bg-img\" data-background=\"https:\/\/sixon7.com\/wp-content\/uploads\/2025\/03\/sixonsevenSB-3-1-e1741560887357.jpg\">\n\t\t\t\t\t\t\t\t\t\t\t\t\t\t\t\t\t\t<div class=\"square-container d-flex align-items-end justify-content-end\">\n\t\t\t\t\t\t\t\t\t\t<div class=\"box-title\">\n\t\t\t\t\t\t\t\t\t\t\t<h6><\/h6>\n\t\t\t\t\t\t\t\t\t\t\t<h4>Deluxe Apartman<\/h4>\n\t\t\t\t\t\t\t\t\t\t<\/div>\n\t\t\t\t\t\t\t\t\t<\/div>\n\t\t\t\t\t\t\t\t\t<div class=\"flip-overlay\"><\/div>\n\t\t\t\t\t\t\t\t<\/div>\n\t\t\t\t\t\t\t\t<div class=\"square2\">\n\t\t\t\t\t\t\t\t\t<div class=\"square-container2\">\n\t\t\t\t\t\t\t\t\t\t<h6><\/h6>\n\t\t\t\t\t\t\t\t\t\t<h4>Deluxe Apartman<\/h4>\n\t\t\t\t\t\t\t\t\t\t<p>\t\t\t\t\t\t\t\t\t\t\tDeluxe apartman je prostrani studio apartman koji \u0107e ispuniti sva va\u0161a o\u010dekivanja. S...<\/p>\n\t\t\t\t\t\t\t\t\t\t\t<div class=\"row room-facilities mb-30 facilities-col-2\">\n\t\t\t\t\t\t\t\t\t\t\t\t<div class=\"col-md-12\">\n\t\t\t\t\t\t\t\t\t\t\t\t\t<ul>\n\t\t\t\t\t\t\t\t\t\t\t\t\t\t\t\t\t\t\t\t\t\t\t\t\t\t\t<\/ul>\n\t\t\t\t\t\t\t\t\t\t\t\t<\/div>\n\t\t\t\t\t\t\t\t\t\t\t<\/div>\n\t\t\t\t\t\t\t\t\t\t\t\t\t\t\t\t\t\t\t\t\t\t<div class=\"btn-line\"><a href=\"https:\/\/sixon7.com\/hr\/room\/deluxe-apartment\/\">Detalji<\/a><\/div>\n\t\t\t\t\t\t\t\t\t\t\t\t\t\t\t\t\t\t\t\t\t<\/div>\n\t\t\t\t\t\t\t\t\t<\/div>\n\t\t\t\t\t\t\t\t<\/div>\n\t\t\t\t\t\t\t<\/div>\n\t\t\t\t\t\t\t\t\t\t\t\t<div class=\"col-md-4\">\n\t\t\t\t\t\t\t<div class=\"square-flip\">\n\t\t\t\t\t\t\t\t<div class=\"square bg-img\" data-background=\"https:\/\/sixon7.com\/wp-content\/uploads\/2025\/03\/sixonsevenSB-379-e1741562298260.jpg\">\n\t\t\t\t\t\t\t\t\t\t\t\t\t\t\t\t\t\t<div class=\"square-container d-flex align-items-end justify-content-end\">\n\t\t\t\t\t\t\t\t\t\t<div class=\"box-title\">\n\t\t\t\t\t\t\t\t\t\t\t<h6><\/h6>\n\t\t\t\t\t\t\t\t\t\t\t<h4>Superior Apartman<\/h4>\n\t\t\t\t\t\t\t\t\t\t<\/div>\n\t\t\t\t\t\t\t\t\t<\/div>\n\t\t\t\t\t\t\t\t\t<div class=\"flip-overlay\"><\/div>\n\t\t\t\t\t\t\t\t<\/div>\n\t\t\t\t\t\t\t\t<div class=\"square2\">\n\t\t\t\t\t\t\t\t\t<div class=\"square-container2\">\n\t\t\t\t\t\t\t\t\t\t<h6><\/h6>\n\t\t\t\t\t\t\t\t\t\t<h4>Superior Apartman<\/h4>\n\t\t\t\t\t\t\t\t\t\t<p>\t\t\t\t\t\t\t\t\t\t\tNa\u0161 vrhunski Superior apartman, smje\u0161ten na prvom katu, odlikuje se prekrasnom jugozapadnom orijentacijom,...<\/p>\n\t\t\t\t\t\t\t\t\t\t\t<div class=\"row room-facilities mb-30 facilities-col-2\">\n\t\t\t\t\t\t\t\t\t\t\t\t<div class=\"col-md-12\">\n\t\t\t\t\t\t\t\t\t\t\t\t\t<ul>\n\t\t\t\t\t\t\t\t\t\t\t\t\t\t\t\t\t\t\t\t\t\t\t\t\t\t\t<\/ul>\n\t\t\t\t\t\t\t\t\t\t\t\t<\/div>\n\t\t\t\t\t\t\t\t\t\t\t<\/div>\n\t\t\t\t\t\t\t\t\t\t\t\t\t\t\t\t\t\t\t\t\t\t<div class=\"btn-line\"><a href=\"https:\/\/sixon7.com\/hr\/room\/superior-apartment\/\">Detalji<\/a><\/div>\n\t\t\t\t\t\t\t\t\t\t\t\t\t\t\t\t\t\t\t\t\t<\/div>\n\t\t\t\t\t\t\t\t\t<\/div>\n\t\t\t\t\t\t\t\t<\/div>\n\t\t\t\t\t\t\t<\/div>\n\t\t\t\t\t\t\t\t\t\t\t\t<div class=\"col-md-4\">\n\t\t\t\t\t\t\t<div class=\"square-flip\">\n\t\t\t\t\t\t\t\t<div class=\"square bg-img\" data-background=\"https:\/\/sixon7.com\/wp-content\/uploads\/2025\/03\/sixonsevenSB-511-e1741562727341.jpg\">\n\t\t\t\t\t\t\t\t\t\t\t\t\t\t\t\t\t\t<div class=\"square-container d-flex align-items-end justify-content-end\">\n\t\t\t\t\t\t\t\t\t\t<div class=\"box-title\">\n\t\t\t\t\t\t\t\t\t\t\t<h6><\/h6>\n\t\t\t\t\t\t\t\t\t\t\t<h4>Premium Soba 02<\/h4>\n\t\t\t\t\t\t\t\t\t\t<\/div>\n\t\t\t\t\t\t\t\t\t<\/div>\n\t\t\t\t\t\t\t\t\t<div class=\"flip-overlay\"><\/div>\n\t\t\t\t\t\t\t\t<\/div>\n\t\t\t\t\t\t\t\t<div class=\"square2\">\n\t\t\t\t\t\t\t\t\t<div class=\"square-container2\">\n\t\t\t\t\t\t\t\t\t\t<h6><\/h6>\n\t\t\t\t\t\t\t\t\t\t<h4>Premium Soba 02<\/h4>\n\t\t\t\t\t\t\t\t\t\t<p>\t\t\t\t\t\t\t\t\t\t\tNa\u0161a prostrana Premium soba 02, ure\u0111ena u suptilnim tonovima, pru\u017ea ugodnu atmosferu...<\/p>\n\t\t\t\t\t\t\t\t\t\t\t<div class=\"row room-facilities mb-30 facilities-col-2\">\n\t\t\t\t\t\t\t\t\t\t\t\t<div class=\"col-md-12\">\n\t\t\t\t\t\t\t\t\t\t\t\t\t<ul>\n\t\t\t\t\t\t\t\t\t\t\t\t\t\t\t\t\t\t\t\t\t\t\t\t\t\t\t<\/ul>\n\t\t\t\t\t\t\t\t\t\t\t\t<\/div>\n\t\t\t\t\t\t\t\t\t\t\t<\/div>\n\t\t\t\t\t\t\t\t\t\t\t\t\t\t\t\t\t\t\t\t\t\t<div class=\"btn-line\"><a href=\"https:\/\/sixon7.com\/hr\/room\/premium-room-02\/\">Detalji<\/a><\/div>\n\t\t\t\t\t\t\t\t\t\t\t\t\t\t\t\t\t\t\t\t\t<\/div>\n\t\t\t\t\t\t\t\t\t<\/div>\n\t\t\t\t\t\t\t\t<\/div>\n\t\t\t\t\t\t\t<\/div>\n\t\t\t\t\t\t\t\t\t\t\t\t<div class=\"col-md-4\">\n\t\t\t\t\t\t\t<div class=\"square-flip\">\n\t\t\t\t\t\t\t\t<div class=\"square bg-img\" data-background=\"https:\/\/sixon7.com\/wp-content\/uploads\/2025\/03\/sixonsevenSB-206-1-e1741563014370.jpg\">\n\t\t\t\t\t\t\t\t\t\t\t\t\t\t\t\t\t\t<div class=\"square-container d-flex align-items-end justify-content-end\">\n\t\t\t\t\t\t\t\t\t\t<div class=\"box-title\">\n\t\t\t\t\t\t\t\t\t\t\t<h6><\/h6>\n\t\t\t\t\t\t\t\t\t\t\t<h4>Single Soba<\/h4>\n\t\t\t\t\t\t\t\t\t\t<\/div>\n\t\t\t\t\t\t\t\t\t<\/div>\n\t\t\t\t\t\t\t\t\t<div class=\"flip-overlay\"><\/div>\n\t\t\t\t\t\t\t\t<\/div>\n\t\t\t\t\t\t\t\t<div class=\"square2\">\n\t\t\t\t\t\t\t\t\t<div class=\"square-container2\">\n\t\t\t\t\t\t\t\t\t\t<h6><\/h6>\n\t\t\t\t\t\t\t\t\t\t<h4>Single Soba<\/h4>\n\t\t\t\t\t\t\t\t\t\t<p>\t\t\t\t\t\t\t\t\t\t\tSavr\u0161en boravak za solo putnike. Ova prostrana jednokrevetna soba nudi profinjen\u2026<\/p>\n\t\t\t\t\t\t\t\t\t\t\t<div class=\"row room-facilities mb-30 facilities-col-2\">\n\t\t\t\t\t\t\t\t\t\t\t\t<div class=\"col-md-12\">\n\t\t\t\t\t\t\t\t\t\t\t\t\t<ul>\n\t\t\t\t\t\t\t\t\t\t\t\t\t\t\t\t\t\t\t\t\t\t\t\t\t\t\t<\/ul>\n\t\t\t\t\t\t\t\t\t\t\t\t<\/div>\n\t\t\t\t\t\t\t\t\t\t\t<\/div>\n\t\t\t\t\t\t\t\t\t\t\t\t\t\t\t\t\t\t\t\t\t\t<div class=\"btn-line\"><a href=\"https:\/\/sixon7.com\/hr\/room\/single-room\/\">Detalji<\/a><\/div>\n\t\t\t\t\t\t\t\t\t\t\t\t\t\t\t\t\t\t\t\t\t<\/div>\n\t\t\t\t\t\t\t\t\t<\/div>\n\t\t\t\t\t\t\t\t<\/div>\n\t\t\t\t\t\t\t<\/div>\n\t\t\t\t\t\t\t\t\t\t\t\t<div class=\"col-md-4\">\n\t\t\t\t\t\t\t<div class=\"square-flip\">\n\t\t\t\t\t\t\t\t<div class=\"square bg-img\" data-background=\"https:\/\/sixon7.com\/wp-content\/uploads\/2025\/03\/sixonsevenSB-236-e1741563281704.jpg\">\n\t\t\t\t\t\t\t\t\t\t\t\t\t\t\t\t\t\t<div class=\"square-container d-flex align-items-end justify-content-end\">\n\t\t\t\t\t\t\t\t\t\t<div class=\"box-title\">\n\t\t\t\t\t\t\t\t\t\t\t<h6><\/h6>\n\t\t\t\t\t\t\t\t\t\t\t<h4>Premium Soba 04<\/h4>\n\t\t\t\t\t\t\t\t\t\t<\/div>\n\t\t\t\t\t\t\t\t\t<\/div>\n\t\t\t\t\t\t\t\t\t<div class=\"flip-overlay\"><\/div>\n\t\t\t\t\t\t\t\t<\/div>\n\t\t\t\t\t\t\t\t<div class=\"square2\">\n\t\t\t\t\t\t\t\t\t<div class=\"square-container2\">\n\t\t\t\t\t\t\t\t\t\t<h6><\/h6>\n\t\t\t\t\t\t\t\t\t\t<h4>Premium Soba 04<\/h4>\n\t\t\t\t\t\t\t\t\t\t<p>\t\t\t\t\t\t\t\t\t\t\tSmje\u0161tena na prvom katu, na\u0161a predivna Premium Soba 04 odi\u0161e profinjenom paletom boja...<\/p>\n\t\t\t\t\t\t\t\t\t\t\t<div class=\"row room-facilities mb-30 facilities-col-2\">\n\t\t\t\t\t\t\t\t\t\t\t\t<div class=\"col-md-12\">\n\t\t\t\t\t\t\t\t\t\t\t\t\t<ul>\n\t\t\t\t\t\t\t\t\t\t\t\t\t\t\t\t\t\t\t\t\t\t\t\t\t\t\t<\/ul>\n\t\t\t\t\t\t\t\t\t\t\t\t<\/div>\n\t\t\t\t\t\t\t\t\t\t\t<\/div>\n\t\t\t\t\t\t\t\t\t\t\t\t\t\t\t\t\t\t\t\t\t\t<div class=\"btn-line\"><a href=\"https:\/\/sixon7.com\/hr\/room\/premium-room-04\/\">Detalji<\/a><\/div>\n\t\t\t\t\t\t\t\t\t\t\t\t\t\t\t\t\t\t\t\t\t<\/div>\n\t\t\t\t\t\t\t\t\t<\/div>\n\t\t\t\t\t\t\t\t<\/div>\n\t\t\t\t\t\t\t<\/div>\n\t\t\t\t\t\t\t\t\t\t\t\t<div class=\"col-md-4\">\n\t\t\t\t\t\t\t<div class=\"square-flip\">\n\t\t\t\t\t\t\t\t<div class=\"square bg-img\" data-background=\"https:\/\/sixon7.com\/wp-content\/uploads\/2025\/03\/sixonsevenSB-319-e1741563594160.jpg\">\n\t\t\t\t\t\t\t\t\t\t\t\t\t\t\t\t\t\t<div class=\"square-container d-flex align-items-end justify-content-end\">\n\t\t\t\t\t\t\t\t\t\t<div class=\"box-title\">\n\t\t\t\t\t\t\t\t\t\t\t<h6><\/h6>\n\t\t\t\t\t\t\t\t\t\t\t<h4>Premium Soba 06<\/h4>\n\t\t\t\t\t\t\t\t\t\t<\/div>\n\t\t\t\t\t\t\t\t\t<\/div>\n\t\t\t\t\t\t\t\t\t<div class=\"flip-overlay\"><\/div>\n\t\t\t\t\t\t\t\t<\/div>\n\t\t\t\t\t\t\t\t<div class=\"square2\">\n\t\t\t\t\t\t\t\t\t<div class=\"square-container2\">\n\t\t\t\t\t\t\t\t\t\t<h6><\/h6>\n\t\t\t\t\t\t\t\t\t\t<h4>Premium Soba 06<\/h4>\n\t\t\t\t\t\t\t\t\t\t<p>\t\t\t\t\t\t\t\t\t\t\tSmje\u0161tena na prvom katu s pogledom prema zapadu, Premium soba 06 nudi zadivljuju\u0107i\u2026<\/p>\n\t\t\t\t\t\t\t\t\t\t\t<div class=\"row room-facilities mb-30 facilities-col-2\">\n\t\t\t\t\t\t\t\t\t\t\t\t<div class=\"col-md-12\">\n\t\t\t\t\t\t\t\t\t\t\t\t\t<ul>\n\t\t\t\t\t\t\t\t\t\t\t\t\t\t\t\t\t\t\t\t\t\t\t\t\t\t\t<\/ul>\n\t\t\t\t\t\t\t\t\t\t\t\t<\/div>\n\t\t\t\t\t\t\t\t\t\t\t<\/div>\n\t\t\t\t\t\t\t\t\t\t\t\t\t\t\t\t\t\t\t\t\t\t<div class=\"btn-line\"><a href=\"https:\/\/sixon7.com\/hr\/room\/premium-room-06\/\">Detalji<\/a><\/div>\n\t\t\t\t\t\t\t\t\t\t\t\t\t\t\t\t\t\t\t\t\t<\/div>\n\t\t\t\t\t\t\t\t\t<\/div>\n\t\t\t\t\t\t\t\t<\/div>\n\t\t\t\t\t\t\t<\/div>\n\t\t\t\t\t\t\t\t\t\t\t<\/div>\n\t\t\t\t<\/div>\n\t\t\t<\/div>\n\t\t\n\n\t\t\t<\/div>\n\t\t\t\t<\/div>\n\t\t\t\t\t<\/div>\n\t\t<\/div>\n\t\t\t\t\t<\/div>\n\t\t<\/section>\n\t\t\t\t<\/div>","protected":false},"excerpt":{"rendered":"<p>six on 7 boutique stay Rooms &amp; Apartments Deluxe Apartment Deluxe Apartment Deluxe Apartment Deluxe Apartment Deluxe Apartment is a spacious studio \u00a0apartment that will meet your highest expectations. With&#8230; Details Superior Apartment Superior Apartment Our exquisite Super Apartment, located on the first floor, boasts a stunning southwest orientation,&#8230; Details Premium Room 02 Premium Room [&hellip;]<\/p>","protected":false},"author":1,"featured_media":0,"parent":0,"menu_order":0,"comment_status":"closed","ping_status":"closed","template":"page-templates\/home.php","meta":{"footnotes":""},"class_list":["post-5130","page","type-page","status-publish","hentry"],"_links":{"self":[{"href":"https:\/\/sixon7.com\/hr\/wp-json\/wp\/v2\/pages\/5130","targetHints":{"allow":["GET"]}}],"collection":[{"href":"https:\/\/sixon7.com\/hr\/wp-json\/wp\/v2\/pages"}],"about":[{"href":"https:\/\/sixon7.com\/hr\/wp-json\/wp\/v2\/types\/page"}],"author":[{"embeddable":true,"href":"https:\/\/sixon7.com\/hr\/wp-json\/wp\/v2\/users\/1"}],"replies":[{"embeddable":true,"href":"https:\/\/sixon7.com\/hr\/wp-json\/wp\/v2\/comments?post=5130"}],"version-history":[{"count":8,"href":"https:\/\/sixon7.com\/hr\/wp-json\/wp\/v2\/pages\/5130\/revisions"}],"predecessor-version":[{"id":5915,"href":"https:\/\/sixon7.com\/hr\/wp-json\/wp\/v2\/pages\/5130\/revisions\/5915"}],"wp:attachment":[{"href":"https:\/\/sixon7.com\/hr\/wp-json\/wp\/v2\/media?parent=5130"}],"curies":[{"name":"wp","href":"https:\/\/api.w.org\/{rel}","templated":true}]}}